{"id":472,"date":"2024-11-27T15:32:04","date_gmt":"2024-11-27T15:32:04","guid":{"rendered":"https:\/\/greenlead-project.eu\/?page_id=472"},"modified":"2025-02-13T07:24:05","modified_gmt":"2025-02-13T07:24:05","slug":"domov","status":"publish","type":"page","link":"https:\/\/greenlead-project.eu\/?page_id=472&lang=sl","title":{"rendered":"Domov"},"content":{"rendered":"\t\t<div data-elementor-type=\"wp-page\" data-elementor-id=\"472\" class=\"elementor elementor-472\">\n\t\t\t\t<div class=\"elementor-element elementor-element-346ba76b e-con-full e-flex e-con e-parent\" data-id=\"346ba76b\" data-element_type=\"container\">\n\t\t\t\t<div class=\"elementor-element elementor-element-2c430833 elementor-widget__width-inherit elementor-widget elementor-widget-text-editor\" data-id=\"2c430833\" data-element_type=\"widget\" data-widget_type=\"text-editor.default\">\n\t\t\t\t<div class=\"elementor-widget-container\">\n\t\t\t\t\t\t\t<!-- wp:media-text {\"align\":\"full\",\"mediaPosition\":\"right\",\"mediaId\":66,\"mediaType\":\"image\"} -->\n<div class=\"wp-block-media-text alignfull has-media-on-the-right is-stacked-on-mobile\">\n<div class=\"wp-block-media-text__content\"><!-- wp:html -->\n<div class=\"wp-block-columns are-vertically-aligned-center\">\n<div class=\"wp-block-column is-vertically-aligned-center\" style=\"flex-basis: 100%;\">\n<h2 class=\"wp-block-quote is-style-plain\" style=\"text-align: left;\"><strong><mark class=\"has-inline-color\" style=\"background-color: rgba(0, 0, 0, 0); color: #14453d;\">Oblikovanje zelenih vodij prihodnosti<\/mark><\/strong><\/h2>\n<\/div>\n<\/div>\n<!-- \/wp:html --><\/div>\n<figure class=\"wp-block-media-text__media\"><img fetchpriority=\"high\" decoding=\"async\" width=\"1024\" height=\"576\" class=\"wp-image-66 size-full\" src=\"https:\/\/greenlead-project.eu\/wp-content\/uploads\/2024\/11\/home5-1024x576.png\" alt=\"\" srcset=\"https:\/\/greenlead-project.eu\/wp-content\/uploads\/2024\/11\/home5-1024x576.png 1024w, https:\/\/greenlead-project.eu\/wp-content\/uploads\/2024\/11\/home5-300x169.png 300w, https:\/\/greenlead-project.eu\/wp-content\/uploads\/2024\/11\/home5-768x432.png 768w, https:\/\/greenlead-project.eu\/wp-content\/uploads\/2024\/11\/home5-1536x865.png 1536w, https:\/\/greenlead-project.eu\/wp-content\/uploads\/2024\/11\/home5.png 1874w\" sizes=\"(max-width: 1024px) 100vw, 1024px\" \/><\/figure>\n<\/div>\n<!-- \/wp:media-text --><!-- wp:quote {\"align\":\"full\",\"style\":{\"color\":{\"background\":\"#14453d\"}}} -->\n<blockquote class=\"wp-block-quote alignfull has-background\" style=\"background-color: #14453d;\"><!-- wp:paragraph {\"align\":\"center\",\"className\":\"is-style-default\",\"style\":{\"elements\":{\"link\":{\"color\":{\"text\":\"var:preset|color|base\"}}}},\"textColor\":\"base\",\"fontSize\":\"x-large\"} -->\n<h2 class=\"has-text-align-center is-style-default has-base-color has-text-color has-link-color has-x-large-font-size\"><strong>Cilji projekta<\/strong><\/h2>\n<!-- \/wp:paragraph --><!-- wp:paragraph {\"align\":\"center\",\"className\":\"is-style-default\",\"style\":{\"elements\":{\"link\":{\"color\":{\"text\":\"var:preset|color|base\"}}}},\"textColor\":\"base\",\"fontSize\":\"medium\"} -->Cilj projekta Greenlead je opredeliti vlogo zelenega vodje in vzpostaviti zeleni oddelek z oblikovanjem okvira kompetenc, specializiranega u\u010dnega na\u010drta in gradiva za usposabljanje. S tem se opolnomo\u010di izobra\u017eevalce in organizacije poklicnega izobra\u017eevanja in usposabljanja z inovativnimi orodji in metodami za podporo evropskim malim in srednje velikim podjetjem pri doseganju trajnostnega zelenega prehoda.<!-- \/wp:paragraph --><\/blockquote>\n<!-- \/wp:quote --><!-- wp:media-text {\"align\":\"full\",\"mediaId\":106,\"mediaLink\":\"https:\/\/greenlead-project.eu\/?attachment_id=106\",\"mediaType\":\"image\"} -->\n<div class=\"wp-block-media-text alignfull is-stacked-on-mobile\">\n<figure class=\"wp-block-media-text__media\"><img decoding=\"async\" class=\"alignnone wp-image-1101 size-full\" src=\"https:\/\/greenlead-project.eu\/wp-content\/uploads\/2025\/02\/pexels-mikhail-nilov-9242257-1-scaled.jpg\" alt=\"\" width=\"2560\" height=\"1707\" srcset=\"https:\/\/greenlead-project.eu\/wp-content\/uploads\/2025\/02\/pexels-mikhail-nilov-9242257-1-scaled.jpg 2560w, https:\/\/greenlead-project.eu\/wp-content\/uploads\/2025\/02\/pexels-mikhail-nilov-9242257-1-300x200.jpg 300w, https:\/\/greenlead-project.eu\/wp-content\/uploads\/2025\/02\/pexels-mikhail-nilov-9242257-1-1024x683.jpg 1024w, https:\/\/greenlead-project.eu\/wp-content\/uploads\/2025\/02\/pexels-mikhail-nilov-9242257-1-768x512.jpg 768w, https:\/\/greenlead-project.eu\/wp-content\/uploads\/2025\/02\/pexels-mikhail-nilov-9242257-1-1536x1024.jpg 1536w, https:\/\/greenlead-project.eu\/wp-content\/uploads\/2025\/02\/pexels-mikhail-nilov-9242257-1-2048x1366.jpg 2048w\" sizes=\"(max-width: 2560px) 100vw, 2560px\" \/><\/figure>\n<div class=\"wp-block-media-text__content\"><!-- wp:pagelayer\/pl-col {\"pagelayer-id\":\"mdj5191\"} --><!-- wp:columns {\"verticalAlignment\":\"center\"} -->\n<div class=\"wp-block-columns are-vertically-aligned-center\"><!-- wp:column {\"verticalAlignment\":\"center\",\"width\":\"100%\"} -->\n<div class=\"wp-block-column is-vertically-aligned-center\" style=\"flex-basis: 100%;\"><!-- wp:quote {\"className\":\"is-style-plain\"} -->\n<h2 class=\"is-style-default has-x-large-font-size\" style=\"text-align: right;\"><strong><mark class=\"has-inline-color\" style=\"background-color: rgba(0, 0, 0, 0); color: #14453d;\">Opremljanje MSP z orodji za zeleno prihodnost<\/mark><\/strong><\/h2>\n<!-- \/wp:quote --><\/div>\n<!-- \/wp:column --><\/div>\n<!-- \/wp:columns --><!-- \/wp:pagelayer\/pl-col --><\/div>\n<\/div>\n<!-- \/wp:media-text --><!-- wp:quote {\"align\":\"full\",\"style\":{\"color\":{\"background\":\"#14453d\"}}} -->\n<blockquote class=\"wp-block-quote alignfull has-background\" style=\"background-color: #14453d;\"><!-- wp:paragraph {\"align\":\"center\",\"className\":\"is-style-default\",\"style\":{\"elements\":{\"link\":{\"color\":{\"text\":\"var:preset|color|base\"}}}},\"textColor\":\"base\",\"fontSize\":\"x-large\"} -->\n<h2 class=\"has-text-align-center is-style-default has-base-color has-text-color has-link-color has-x-large-font-size\" style=\"text-align: center;\"><strong>Projektne aktivnosti<\/strong><\/h2>\n<!-- \/wp:paragraph --><!-- wp:paragraph {\"align\":\"center\",\"className\":\"is-style-default\",\"style\":{\"elements\":{\"link\":{\"color\":{\"text\":\"var:preset|color|base\"}}}},\"textColor\":\"base\",\"fontSize\":\"medium\"} -->\n<p class=\"has-text-align-center is-style-default has-base-color has-text-color has-link-color has-medium-font-size\">Dejavnosti projekta Greenlead vklju\u010dujejo analizo trenutnega stanja zelenega prehoda evropskih malih in srednje velikih podjetij, opredelitev strokovnega profila zelenega vodje, odgovornosti in programa usposabljanja (GreenLead &amp; GreenWorksComp), oblikovanje inovativnega te\u010daja usposabljanja in gradiva, razvoj certifikacijskega modela za ocenjevanje in potrjevanje kompetenc zelenega vodje, vzpostavitev platforme za e-u\u010denje GreenLead, izvajanje pilotnih dejavnosti za preverjanje in izpopolnjevanje pristopa usposabljanja ter pripravo orodja Greenlead za podporo trajnostnim praksam v malih in srednje velikih podjetjih.<\/p>\n<!-- \/wp:paragraph --><!-- wp:paragraph {\"align\":\"center\",\"className\":\"is-style-default\",\"style\":{\"elements\":{\"link\":{\"color\":{\"text\":\"var:preset|color|base\"}}}},\"textColor\":\"base\",\"fontSize\":\"medium\"} --><!-- \/wp:paragraph --><\/blockquote>\n<!-- \/wp:quote --><!-- wp:media-text {\"align\":\"full\",\"mediaPosition\":\"right\",\"mediaId\":107,\"mediaLink\":\"https:\/\/greenlead-project.eu\/?attachment_id=107\",\"mediaType\":\"image\"} -->\n<div class=\"wp-block-media-text alignfull has-media-on-the-right is-stacked-on-mobile\">\n<div class=\"wp-block-media-text__content\"><!-- wp:pagelayer\/pl-col {\"pagelayer-id\":\"drk9026\"} --><!-- wp:columns {\"verticalAlignment\":\"center\"} -->\n<div class=\"wp-block-columns are-vertically-aligned-center\"><!-- wp:column {\"verticalAlignment\":\"center\",\"width\":\"100%\"} -->\n<div class=\"wp-block-column is-vertically-aligned-center\" style=\"flex-basis: 100%;\"><!-- wp:quote {\"className\":\"is-style-plain\"} -->\n<h2 class=\"is-style-default has-x-large-font-size\" style=\"text-align: left;\"><strong><mark class=\"has-inline-color\" style=\"background-color: rgba(0, 0, 0, 0); color: #14453d;\">Spodbujanje zelene inovacije v evropskem poslovanju<\/mark><\/strong><\/h2>\n<!-- \/wp:quote --><\/div>\n<!-- \/wp:column --><\/div>\n<!-- \/wp:columns --><!-- \/wp:pagelayer\/pl-col --><\/div>\n<figure class=\"wp-block-media-text__media\"><img decoding=\"async\" class=\"alignnone wp-image-1104 size-full\" src=\"https:\/\/greenlead-project.eu\/wp-content\/uploads\/2025\/02\/pexels-singkham-178541-1108572-scaled.jpg\" alt=\"\" width=\"2560\" height=\"1709\" srcset=\"https:\/\/greenlead-project.eu\/wp-content\/uploads\/2025\/02\/pexels-singkham-178541-1108572-scaled.jpg 2560w, https:\/\/greenlead-project.eu\/wp-content\/uploads\/2025\/02\/pexels-singkham-178541-1108572-300x200.jpg 300w, https:\/\/greenlead-project.eu\/wp-content\/uploads\/2025\/02\/pexels-singkham-178541-1108572-1024x683.jpg 1024w, https:\/\/greenlead-project.eu\/wp-content\/uploads\/2025\/02\/pexels-singkham-178541-1108572-768x513.jpg 768w\" sizes=\"(max-width: 2560px) 100vw, 2560px\" \/><\/figure>\n<\/div>\n<!-- \/wp:media-text --><!-- wp:quote {\"align\":\"full\",\"style\":{\"color\":{\"background\":\"#14453d\"}}} -->\n<blockquote class=\"wp-block-quote alignfull has-background\" style=\"background-color: #14453d;\"><!-- wp:paragraph {\"align\":\"center\",\"className\":\"is-style-default\",\"style\":{\"elements\":{\"link\":{\"color\":{\"text\":\"var:preset|color|base\"}}}},\"textColor\":\"base\",\"fontSize\":\"x-large\"} -->\n<h2 class=\"has-text-align-center is-style-default has-base-color has-text-color has-link-color has-x-large-font-size\" style=\"text-align: center;\"><strong>U\u010dinek<\/strong><\/h2>\n<!-- \/wp:paragraph --><!-- wp:paragraph {\"align\":\"center\",\"className\":\"is-style-default\",\"style\":{\"elements\":{\"link\":{\"color\":{\"text\":\"var:preset|color|base\"}}}},\"textColor\":\"base\",\"fontSize\":\"medium\"} -->\n<p class=\"has-text-align-center is-style-default has-base-color has-text-color has-link-color has-medium-font-size\">Projekt Greenlead bo dosegel klju\u010dne mejnike z opremljanjem izvajalcev poklicnega izobra\u017eevanja in usposabljanja ter organizacij z inovativnimi viri in orodji za usposabljanje, ki bodo podpirali posodobitev in zeleni prehod evropskih MSP z uvedbo profila Zeleni vodja. Poleg tega bodo imeli lastniki in vodje MSP koristi od mo\u017enosti izpopolnjevanja, ki je zasnovano tako, da jim bo zagotovilo bistvene spretnosti in kompetence, potrebne za usmerjanje njihovih organizacij k trajnostnemu zelenemu prehodu in izpolnjevanje funkcije zelenega voditelja.<\/p>\n<!-- \/wp:paragraph --><!-- wp:paragraph {\"align\":\"center\",\"className\":\"is-style-default\",\"style\":{\"elements\":{\"link\":{\"color\":{\"text\":\"var:preset|color|base\"}}}},\"textColor\":\"base\",\"fontSize\":\"medium\"} --><!-- \/wp:paragraph --><\/blockquote>\n<!-- \/wp:quote --><!-- wp:media-text {\"align\":\"full\",\"mediaId\":108,\"mediaLink\":\"https:\/\/greenlead-project.eu\/?attachment_id=108\",\"mediaType\":\"image\"} -->\n<div class=\"wp-block-media-text alignfull is-stacked-on-mobile\">\n<figure class=\"wp-block-media-text__media\"><img loading=\"lazy\" decoding=\"async\" class=\"alignnone wp-image-1097 size-full\" src=\"https:\/\/greenlead-project.eu\/wp-content\/uploads\/2025\/02\/pexels-wildlittlethingsphoto-3688760-scaled.jpg\" alt=\"\" width=\"2560\" height=\"1707\" srcset=\"https:\/\/greenlead-project.eu\/wp-content\/uploads\/2025\/02\/pexels-wildlittlethingsphoto-3688760-scaled.jpg 2560w, https:\/\/greenlead-project.eu\/wp-content\/uploads\/2025\/02\/pexels-wildlittlethingsphoto-3688760-300x200.jpg 300w, https:\/\/greenlead-project.eu\/wp-content\/uploads\/2025\/02\/pexels-wildlittlethingsphoto-3688760-1024x683.jpg 1024w, https:\/\/greenlead-project.eu\/wp-content\/uploads\/2025\/02\/pexels-wildlittlethingsphoto-3688760-768x512.jpg 768w, https:\/\/greenlead-project.eu\/wp-content\/uploads\/2025\/02\/pexels-wildlittlethingsphoto-3688760-1536x1024.jpg 1536w, https:\/\/greenlead-project.eu\/wp-content\/uploads\/2025\/02\/pexels-wildlittlethingsphoto-3688760-2048x1365.jpg 2048w\" sizes=\"(max-width: 2560px) 100vw, 2560px\" \/><\/figure>\n<div class=\"wp-block-media-text__content\"><!-- wp:pagelayer\/pl-col {\"pagelayer-id\":\"tze8589\"} --><!-- wp:columns {\"verticalAlignment\":\"center\"} -->\n<div class=\"wp-block-columns are-vertically-aligned-center\"><!-- wp:column {\"verticalAlignment\":\"center\",\"width\":\"100%\"} -->\n<div class=\"wp-block-column is-vertically-aligned-center\" style=\"flex-basis: 100%;\"><!-- wp:quote {\"className\":\"is-style-plain\"} -->\n<h2 class=\"is-style-default has-x-large-font-size\" style=\"text-align: right;\"><strong><mark class=\"has-inline-color\" style=\"background-color: rgba(0, 0, 0, 0); color: #14453d;\">Inovativno usposabljanje in orodja za bolj zeleno in konkuren\u010dno Evropo<\/mark><\/strong><\/h2>\n<!-- \/wp:quote --><\/div>\n<!-- \/wp:column --><\/div>\n<!-- \/wp:columns --><!-- \/wp:pagelayer\/pl-col --><\/div>\n<\/div>\n<!-- \/wp:media-text --><!-- wp:quote {\"align\":\"full\",\"style\":{\"color\":{\"background\":\"#14453d\"}}} -->\n<blockquote class=\"wp-block-quote alignfull has-background\" style=\"background-color: #14453d;\"><!-- wp:paragraph {\"align\":\"center\",\"className\":\"is-style-default\",\"style\":{\"elements\":{\"link\":{\"color\":{\"text\":\"var:preset|color|base\"}}}},\"textColor\":\"base\",\"fontSize\":\"x-large\"} -->\n<h2 class=\"has-text-align-center is-style-default has-base-color has-text-color has-link-color has-x-large-font-size\" style=\"text-align: center;\"><strong>Motivacija<\/strong><\/h2>\n<!-- \/wp:paragraph --><!-- wp:paragraph {\"align\":\"center\",\"className\":\"is-style-default\",\"style\":{\"elements\":{\"link\":{\"color\":{\"text\":\"var:preset|color|base\"}}}},\"textColor\":\"base\",\"fontSize\":\"medium\"} -->\n<p class=\"has-text-align-center is-style-default has-base-color has-text-color has-link-color has-medium-font-size\">Cilj projekta Greenlead je podpreti MSP, ki predstavljajo 99 % podjetij v EU, pri prehodu na okolju prijaznej\u0161e prakse z razvojem strokovnega profila Zelenega vodje. Ta profil bo lastnike, vodstvene delavce in klju\u010dno osebje MSP opremil z znanji in kompetencami, ki jih potrebujejo za vodenje svojih organizacij pri sprejemanju trajnostnih praks in spodbujanju prehoda na zeleno gospodarstvo v skladu z evropskim Zelenim dogovorom.<\/p>\n<!-- \/wp:paragraph --><!-- wp:paragraph {\"align\":\"center\",\"className\":\"is-style-default\",\"style\":{\"elements\":{\"link\":{\"color\":{\"text\":\"var:preset|color|base\"}}}},\"textColor\":\"base\",\"fontSize\":\"medium\"} --><\/blockquote>\n<!-- \/wp:paragraph -->\t\t\t\t\t\t<\/div>\n\t\t\t\t<\/div>\n\t\t\t\t<\/div>\n\t\t\t\t<\/div>\n\t\t","protected":false},"excerpt":{"rendered":"<p>Oblikovanje zelenih vodij prihodnosti Cilji projekta Cilj projekta Greenlead je opredeliti vlogo zelenega vodje in vzpostaviti zeleni oddelek z oblikovanjem okvira kompetenc, specializiranega u\u010dnega na\u010drta in gradiva za usposabljanje. S tem se opolnomo\u010di izobra\u017eevalce in organizacije poklicnega izobra\u017eevanja in usposabljanja z inovativnimi orodji in metodami za podporo evropskim malim in srednje velikim podjetjem pri doseganju [&hellip;]<\/p>\n","protected":false},"author":1,"featured_media":0,"parent":0,"menu_order":0,"comment_status":"closed","ping_status":"closed","template":"templates\/home-template.php","meta":{"_siteseo_robots_primary_cat":"","footnotes":""},"class_list":["post-472","page","type-page","status-publish","hentry"],"_links":{"self":[{"href":"https:\/\/greenlead-project.eu\/index.php?rest_route=\/wp\/v2\/pages\/472","targetHints":{"allow":["GET"]}}],"collection":[{"href":"https:\/\/greenlead-project.eu\/index.php?rest_route=\/wp\/v2\/pages"}],"about":[{"href":"https:\/\/greenlead-project.eu\/index.php?rest_route=\/wp\/v2\/types\/page"}],"author":[{"embeddable":true,"href":"https:\/\/greenlead-project.eu\/index.php?rest_route=\/wp\/v2\/users\/1"}],"replies":[{"embeddable":true,"href":"https:\/\/greenlead-project.eu\/index.php?rest_route=%2Fwp%2Fv2%2Fcomments&post=472"}],"version-history":[{"count":30,"href":"https:\/\/greenlead-project.eu\/index.php?rest_route=\/wp\/v2\/pages\/472\/revisions"}],"predecessor-version":[{"id":1108,"href":"https:\/\/greenlead-project.eu\/index.php?rest_route=\/wp\/v2\/pages\/472\/revisions\/1108"}],"wp:attachment":[{"href":"https:\/\/greenlead-project.eu\/index.php?rest_route=%2Fwp%2Fv2%2Fmedia&parent=472"}],"curies":[{"name":"wp","href":"https:\/\/api.w.org\/{rel}","templated":true}]}}